{"id":230608,"date":"2020-07-24T16:58:58","date_gmt":"2020-07-24T16:58:58","guid":{"rendered":"https:\/\/coreyandkatie.org\/index.php\/plans-de-cours-sur-la-bible-pour-enfants"},"modified":"2021-03-30T17:03:16","modified_gmt":"2021-03-30T17:03:16","slug":"plans-de-cours-sur-la-bible-pour-enfants","status":"publish","type":"page","link":"https:\/\/coreyandkatie.org\/index.php\/plans-de-cours-sur-la-bible-pour-enfants?lang=fr","title":{"rendered":"Plans de cours sur la Bible pour enfants"},"content":{"rendered":"<p>[et_pb_section fb_built=&#8221;1&#8243; admin_label=&#8221;Page Title Section&#8221; _builder_version=&#8221;3.29.3&#8243; use_background_color_gradient=&#8221;on&#8221; background_color_gradient_start=&#8221;#000000&#8243; background_color_gradient_end=&#8221;rgba(0,0,0,0)&#8221; background_color_gradient_direction=&#8221;120deg&#8221; background_color_gradient_overlays_image=&#8221;on&#8221; background_image=&#8221;http:\/\/coreyandkatie.org\/wp-content\/uploads\/2019\/10\/1-DSC_3901.jpg&#8221; parallax=&#8221;on&#8221; custom_padding=&#8221;110px||110px|&#8221;][et_pb_row admin_label=&#8221;Page Title Area&#8221; _builder_version=&#8221;3.29.3&#8243; background_size=&#8221;initial&#8221; background_position=&#8221;top_left&#8221; background_repeat=&#8221;repeat&#8221;][et_pb_column type=&#8221;4_4&#8243; _builder_version=&#8221;3.25&#8243; custom_padding=&#8221;|||&#8221; custom_padding__hover=&#8221;|||&#8221;][et_pb_text admin_label=&#8221;Title&#8221; _builder_version=&#8221;3.27.4&#8243; text_font=&#8221;||||||||&#8221; header_font=&#8221;Poppins|600|||||||&#8221; header_font_size=&#8221;60px&#8221; header_line_height=&#8221;1.2em&#8221; header_2_font=&#8221;||||||||&#8221; background_layout=&#8221;dark&#8221; custom_margin=&#8221;||20px|&#8221; custom_padding=&#8221;|||&#8221; animation_style=&#8221;fade&#8221; header_font_size_tablet=&#8221;&#8221; header_font_size_phone=&#8221;40px&#8221; header_font_size_last_edited=&#8221;on|desktop&#8221; header_2_font_size_last_edited=&#8221;off|desktop&#8221;]<\/p>\n<h1>Plans de cours sur la Bible pour enfants<\/h1>\n<p>[\/et_pb_text][\/et_pb_column][\/et_pb_row][\/et_pb_section][et_pb_section fb_built=&#8221;1&#8243; admin_label=&#8221;Class Details Section&#8221; _builder_version=&#8221;4.9.2&#8243; background_color=&#8221;#efe9e4&#8243; custom_padding=&#8221;19px||28px|||&#8221;][et_pb_row column_structure=&#8221;3_5,2_5&#8243; admin_label=&#8221;Course Overview Area &#8221; _builder_version=&#8221;3.29.3&#8243; custom_margin=&#8221;|||&#8221; custom_padding=&#8221;||6px|||&#8221;][et_pb_column type=&#8221;3_5&#8243; _builder_version=&#8221;3.25&#8243; custom_padding=&#8221;|||&#8221; custom_padding__hover=&#8221;|||&#8221;][et_pb_text _builder_version=&#8221;3.27.4&#8243; text_font=&#8221;Poppins||||||||&#8221; text_font_size=&#8221;18px&#8221; text_line_height=&#8221;1.8em&#8221; header_font=&#8221;||||||||&#8221; header_3_font=&#8221;||||||||&#8221; animation_style=&#8221;fade&#8221;]<\/p>\n<p>A ceux d&#8217;entre vous qui enseignent \u00e0 des groupes d&#8217;enfants partout au S\u00e9n\u00e9gal : M\u00eame si la langue principale de votre \u00e9glise est le fran\u00e7ais, le wolof peut \u00eatre un meilleur choix pour votre classe d&#8217;\u00e9cole du dimanche ou votre groupe des histoires bibliques pour les enfants. En tant qu&#8217;enseignant de la Bible, vous souhaitez intervenir dans la vie de vos \u00e9l\u00e8ves et permettre \u00e0 la Parole de Dieu de fa\u00e7onner leur vision du monde en d\u00e9veloppement. Et vous voulez que les enfants comprennent que Dieu les conna\u00eet intimement et les aime et qu&#8217;il veut leur parler directement ! La meilleure fa\u00e7on de transmettre ces v\u00e9rit\u00e9s est de le faire \u00e0 travers le langage du c\u0153ur de vos \u00e9l\u00e8ves. Les plans de cours pour le &#8220;Growing Disciple&#8221; (en bas) sont con\u00e7us pour que les francophones puissent les utiliser lorsqu&#8217;ils enseignent aux enfants parlant le wolof. (Il existe aussi une version anglaise pour les enseignants qui pr\u00e9f\u00e8rent lire en anglais, mais toutes les le\u00e7ons sont \u00e9crites pour \u00eatre enseign\u00e9es en wolof.). J&#8217;ai moi-m\u00eame enseign\u00e9 toutes ces le\u00e7ons et je serais heureuse de r\u00e9pondre \u00e0 vos questions ou d&#8217;entendre vos commentaires. <a href=\"&#109;&#x61;&#105;&#x6c;t&#x6f;:&#107;&#x61;&#116;&#x69;e&#x2e;g&#97;&#x72;&#114;&#x65;t&#x74;&#64;&#115;&#x69;&#109;&#x2e;o&#x72;g\">Cliquez ici<\/a> pour m&#8217;envoyer un courriel.<\/p>\n<p>[\/et_pb_text][et_pb_text _builder_version=&#8221;3.29.3&#8243; text_font=&#8221;Poppins||||||||&#8221; text_font_size=&#8221;18px&#8221; text_line_height=&#8221;1.8em&#8221; header_font=&#8221;||||||||&#8221; header_3_font=&#8221;||||||||&#8221; custom_padding=&#8221;2px|||||&#8221; animation_style=&#8221;fade&#8221;]<\/p>\n<h3>Histoires bibliques chronologiques<\/h3>\n<p>Je recommande d&#8217;utiliser d&#8217;abord cette s\u00e9rie. (Malheureusement, les plans de le\u00e7on sont disponibles uniquement en anglais en ce moment, mais les livrets des histoires chronologiques bibiliques sont entierement en wolof.) Elle est bas\u00e9e sur les 52 livrets de r\u00e9cits chronologiques de la Bible en wolof d\u00e9velopp\u00e9s par J. et B. Vaughn. Vous devez disposer des livrets des histoires, que vous pouvez obtenir en cliquant sur le bouton ci-dessous. Cette s\u00e9rie est id\u00e9ale pour les enfants qui n&#8217;ont jamais entendu parler de la Bible ou de J\u00e9sus. Elle commence par la Cr\u00e9ation et couvre 33 histoires de l&#8217;Ancien Testament avant de passer aux histoires de J\u00e9sus du Nouveau Testament.<\/p>\n<p>[\/et_pb_text][\/et_pb_column][et_pb_column type=&#8221;2_5&#8243; _builder_version=&#8221;3.25&#8243; custom_padding=&#8221;|||&#8221; custom_padding__hover=&#8221;|||&#8221;][et_pb_image src=&#8221;http:\/\/coreyandkatie.org\/wp-content\/uploads\/2019\/09\/1-DSC_1810-001.jpg&#8221; _builder_version=&#8221;3.29.3&#8243; transform_translate=&#8221;41px|3px&#8221; transform_translate_linked=&#8221;off&#8221; transform_rotate=&#8221;0deg|0deg|346deg&#8221; custom_padding=&#8221;|||3px||&#8221; border_width_all=&#8221;10px&#8221; border_color_all=&#8221;#ffffff&#8221; box_shadow_style=&#8221;preset1&#8243;][\/et_pb_image][et_pb_image src=&#8221;http:\/\/coreyandkatie.org\/wp-content\/uploads\/2017\/04\/DSC_6450.jpg&#8221; _builder_version=&#8221;3.29.3&#8243; transform_translate=&#8221;0px|-42px&#8221; transform_translate_linked=&#8221;off&#8221; transform_rotate=&#8221;0deg|0deg|10deg&#8221; border_width_all=&#8221;10px&#8221; border_color_all=&#8221;#ffffff&#8221;][\/et_pb_image][\/et_pb_column][\/et_pb_row][et_pb_row column_structure=&#8221;1_3,1_3,1_3&#8243; admin_label=&#8221;Course Overview Area &#8221; _builder_version=&#8221;3.29.3&#8243; custom_margin=&#8221;|||&#8221; custom_padding=&#8221;0px|||||&#8221;][et_pb_column type=&#8221;1_3&#8243; _builder_version=&#8221;3.25&#8243; custom_padding=&#8221;|||&#8221; custom_padding__hover=&#8221;|||&#8221;][et_pb_text _builder_version=&#8221;3.29.3&#8243; text_font=&#8221;Poppins||||||||&#8221; text_font_size=&#8221;18px&#8221; text_line_height=&#8221;1.8em&#8221; header_font=&#8221;||||||||&#8221; header_3_font=&#8221;||||||||&#8221; animation_style=&#8221;fade&#8221;]<\/p>\n<p>J&#8217;ai con\u00e7u ces plans de le\u00e7on pour les utiliser aux villages avec des groupes compos\u00e9s d&#8217;enfants de tous \u00e2ges qui se r\u00e9unissent en plein air, mais ils peuvent aussi \u00eatre utilis\u00e9s pour les classes de l&#8217;\u00e9cole du dimanche qui se r\u00e9unissent dans une salle de classe. Chaque le\u00e7on comprend un jeu qui se rapporte \u00e0 l&#8217;histoire de la Bible et une autre activit\u00e9.<\/p>\n<p>[\/et_pb_text][\/et_pb_column][et_pb_column type=&#8221;1_3&#8243; _builder_version=&#8221;3.25&#8243; custom_padding=&#8221;|||&#8221; custom_padding__hover=&#8221;|||&#8221;][et_pb_cta title=&#8221;Histoires bibliques chronologiques&#8221; button_url=&#8221;https:\/\/1drv.ms\/f\/s!AtFcV2wrx2O6qh457rW88vWTkuPD&#8221; url_new_window=&#8221;on&#8221; button_text=&#8221;T\u00e9l\u00e9charger&#8221; _builder_version=&#8221;4.9.2&#8243; header_font=&#8221;Poppins||||||||&#8221; header_font_size=&#8221;20px&#8221; body_font=&#8221;Poppins||||||||&#8221; body_text_color=&#8221;#d6d6d6&#8243; background_color=&#8221;#282624&#8243; custom_button=&#8221;on&#8221; button_text_size=&#8221;14px&#8221; button_text_color=&#8221;#ffffff&#8221; button_bg_color=&#8221;#fdb467&#8243; button_border_width=&#8221;8px&#8221; button_border_color=&#8221;#fdb467&#8243; button_border_radius=&#8221;0px&#8221; button_letter_spacing=&#8221;2px&#8221; button_font=&#8221;|600||on|||||&#8221; custom_margin=&#8221;||||false|false&#8221; link_option_url_new_window=&#8221;on&#8221;]<\/p>\n<p>Histoires de l&#8217;Ancien et du Nouveau Testament en wolof.\u00a0<\/p>\n<p>[\/et_pb_cta][\/et_pb_column][et_pb_column type=&#8221;1_3&#8243; _builder_version=&#8221;3.25&#8243; custom_padding=&#8221;|||&#8221; custom_padding__hover=&#8221;|||&#8221;][et_pb_cta title=&#8221;Plans de cours pour enfants&#8221; button_url=&#8221;https:\/\/coreyandkatie.org\/wp-content\/uploads\/2016\/03\/52-story-lessons.zip&#8221; button_text=&#8221;T\u00e9l\u00e9charger&#8221; _builder_version=&#8221;4.9.2&#8243; header_font=&#8221;Poppins||||||||&#8221; header_font_size=&#8221;20px&#8221; body_font=&#8221;Poppins||||||||&#8221; body_text_color=&#8221;#d6d6d6&#8243; background_color=&#8221;#282624&#8243; custom_button=&#8221;on&#8221; button_text_size=&#8221;14px&#8221; button_text_color=&#8221;#ffffff&#8221; button_bg_color=&#8221;#fdb467&#8243; button_border_width=&#8221;8px&#8221; button_border_color=&#8221;#fdb467&#8243; button_border_radius=&#8221;0px&#8221; button_letter_spacing=&#8221;2px&#8221; button_font=&#8221;|600||on|||||&#8221; custom_margin=&#8221;||||false|false&#8221; link_option_url_new_window=&#8221;on&#8221;]<\/p>\n<p>Plans de cours pour enseigner les 52 histoires aux enfants en anglais\/wolof<\/p>\n<p>[\/et_pb_cta][\/et_pb_column][\/et_pb_row][et_pb_row column_structure=&#8221;3_4,1_4&#8243; admin_label=&#8221;Course Overview Area &#8221; _builder_version=&#8221;3.29.3&#8243; custom_margin=&#8221;|||&#8221; custom_padding=&#8221;0px|||||&#8221;][et_pb_column type=&#8221;3_4&#8243; _builder_version=&#8221;3.25&#8243; custom_padding=&#8221;|||&#8221; custom_padding__hover=&#8221;|||&#8221;][et_pb_text _builder_version=&#8221;3.29.3&#8243; text_font=&#8221;Poppins||||||||&#8221; text_font_size=&#8221;18px&#8221; text_line_height=&#8221;1.8em&#8221; header_font=&#8221;||||||||&#8221; header_3_font=&#8221;||||||||&#8221; animation_style=&#8221;fade&#8221;]<\/p>\n<h3>Histoires tir\u00e9es du livre des Actes<\/h3>\n<p>Ces 12 plans de le\u00e7ons sont bas\u00e9s sur le livre des Actes et devraient \u00eatre enseign\u00e9s apr\u00e8s les 52 histoires. (Cette s\u00e9rie de plans de le\u00e7on est disponible uniquement en anglais pour le moment, mais les livrets des histoires du livre des Actes sont enti\u00e8rement en wolof.) Pour cette s\u00e9rie, vous aurez besoin des 12 livrets d&#8217;histoires en wolof des Actes, \u00e9crits par les Vaughn. Ils sont disponibles en cliquant sur le bouton &#8220;T\u00e9l\u00e9charger&#8221; sous &#8220;Livrets des histoires bibliques chronologiques&#8221; ci-dessus. Ces plans de le\u00e7on ont \u00e9t\u00e9 \u00e9crits pour \u00eatre utilis\u00e9s avec un groupe d&#8217;enfants de tous \u00e2ges se r\u00e9unissant dans une salle de classe. En plus des jeux et les autres activit\u00e9s amusantes, il y a sept versets bibliques que les enfants m\u00e9morisent au cours de la s\u00e9rie. \u00c0 la fin, les enfants peuvent pr\u00e9senter un court sketch qui comprend les versets de la Bible qu&#8217;ils ont m\u00e9moris\u00e9s et qui r\u00e9sume le message de l&#8217;\u00c9vangile. Bien entendu, comme pour tous ces plans de cours, n&#8217;h\u00e9sitez pas \u00e0 adapter le contenu \u00e0 vos besoins.<\/p>\n<p>[\/et_pb_text][\/et_pb_column][et_pb_column type=&#8221;1_4&#8243; _builder_version=&#8221;3.25&#8243; custom_padding=&#8221;|||&#8221; custom_padding__hover=&#8221;|||&#8221;][et_pb_cta title=&#8221;Plans de cours pour les enfants sur Actes&#8221; button_url=&#8221;https:\/\/coreyandkatie.org\/wp-content\/uploads\/2016\/03\/12-Acts-story-lessons.zip&#8221; button_text=&#8221;T\u00e9l\u00e9charger&#8221; _builder_version=&#8221;4.9.2&#8243; header_font=&#8221;Poppins||||||||&#8221; header_font_size=&#8221;20px&#8221; body_font=&#8221;Poppins||||||||&#8221; body_text_color=&#8221;#d6d6d6&#8243; background_color=&#8221;#282624&#8243; custom_button=&#8221;on&#8221; button_text_size=&#8221;14px&#8221; button_text_color=&#8221;#ffffff&#8221; button_bg_color=&#8221;#fdb467&#8243; button_border_width=&#8221;8px&#8221; button_border_color=&#8221;#fdb467&#8243; button_border_radius=&#8221;0px&#8221; button_letter_spacing=&#8221;2px&#8221; button_font=&#8221;|600||on|||||&#8221; custom_margin=&#8221;7px|||||&#8221; custom_padding=&#8221;37px||40px|||&#8221; link_option_url_new_window=&#8221;on&#8221;]<\/p>\n<p>Plans de cours pour enseigner les 12 histoires du livre d&#8217;Actes aux enfants en anglais\/wolof<\/p>\n<p>[\/et_pb_cta][\/et_pb_column][\/et_pb_row][et_pb_row column_structure=&#8221;1_3,1_3,1_3&#8243; admin_label=&#8221;Course Overview Area &#8221; _builder_version=&#8221;3.29.3&#8243; custom_margin=&#8221;|||&#8221; custom_padding=&#8221;0px||1px|||&#8221;][et_pb_column type=&#8221;1_3&#8243; _builder_version=&#8221;3.25&#8243; custom_padding=&#8221;|||&#8221; custom_padding__hover=&#8221;|||&#8221;][et_pb_text _builder_version=&#8221;3.29.3&#8243; text_font=&#8221;Poppins||||||||&#8221; text_font_size=&#8221;18px&#8221; text_line_height=&#8221;1.8em&#8221; header_font=&#8221;||||||||&#8221; header_3_font=&#8221;||||||||&#8221; animation_style=&#8221;fade&#8221;]<\/p>\n<h3>Le disciple croissant<\/h3>\n<p>Cette s\u00e9rie de 18 le\u00e7ons est bas\u00e9e sur &#8220;The Growing Disciple&#8221; \u00e9crit pour les apprenants oraux par Johnny Norwood. Je l&#8217;ai adapt\u00e9 et simplifi\u00e9 pour l&#8217;utiliser avec les enfants et j&#8217;ai ajout\u00e9 quelques jeux et d&#8217;autres activit\u00e9s. (Notez : le document original de Johnny Norwood en anglais est \u00e9galement inclus ici. Il serait id\u00e9al de l&#8217;utiliser pour enseigner aux adultes dans l&#8217;\u00e9glise en m\u00eame temps que les enfants l&#8217;apprennent).<\/p>\n<p>[\/et_pb_text][\/et_pb_column][et_pb_column type=&#8221;1_3&#8243; _builder_version=&#8221;3.29.3&#8243;][et_pb_image src=&#8221;https:\/\/coreyandkatie.org\/wp-content\/uploads\/2016\/03\/GW.jpg&#8221; _builder_version=&#8221;3.29.3&#8243; box_shadow_style=&#8221;preset1&#8243;][\/et_pb_image][\/et_pb_column][et_pb_column type=&#8221;1_3&#8243; _builder_version=&#8221;3.25&#8243; custom_padding=&#8221;|||&#8221; custom_padding__hover=&#8221;|||&#8221;][et_pb_cta title=&#8221;Le disciple croissant&#8221; button_url=&#8221;https:\/\/res.sng.al\/DiscipleCroissant.zip&#8221; button_text=&#8221;T\u00e9l\u00e9charger&#8221; _builder_version=&#8221;4.9.2&#8243; header_font=&#8221;Poppins||||||||&#8221; header_font_size=&#8221;20px&#8221; body_font=&#8221;Poppins||||||||&#8221; body_text_color=&#8221;#d6d6d6&#8243; background_color=&#8221;#282624&#8243; custom_button=&#8221;on&#8221; button_text_size=&#8221;14px&#8221; button_text_color=&#8221;#ffffff&#8221; button_bg_color=&#8221;#fdb467&#8243; button_border_width=&#8221;8px&#8221; button_border_color=&#8221;#fdb467&#8243; button_border_radius=&#8221;0px&#8221; button_letter_spacing=&#8221;2px&#8221; button_font=&#8221;|600||on|||||&#8221; custom_margin=&#8221;7px|||||&#8221; custom_padding=&#8221;37px||40px|||&#8221; link_option_url_new_window=&#8221;on&#8221;]<\/p>\n<p>18 plans de cours pour enseigner aux enfants le &#8220;Growing Disciple&#8221; de Johnny Norwood en fran\u00e7ais avec interaction wolof.<\/p>\n<p>[\/et_pb_cta][\/et_pb_column][\/et_pb_row][et_pb_row _builder_version=&#8221;3.29.3&#8243;][et_pb_column type=&#8221;4_4&#8243; _builder_version=&#8221;3.29.3&#8243;][et_pb_text _builder_version=&#8221;4.9.2&#8243; text_font=&#8221;Poppins||||||||&#8221; text_font_size=&#8221;18px&#8221; text_line_height=&#8221;1.8em&#8221; header_font=&#8221;||||||||&#8221; header_3_font=&#8221;||||||||&#8221; animation_style=&#8221;fade&#8221; hover_enabled=&#8221;0&#8243; sticky_enabled=&#8221;0&#8243;]<\/p>\n<p>Dans cette s\u00e9rie, douze \u00e9l\u00e9ments de base de la vie d&#8217;un disciple de J\u00e9sus sont enseign\u00e9s et expliqu\u00e9s (par exemple : le bapt\u00eame, la pri\u00e8re, l&#8217;intendance). Chaque fois qu&#8217;un nouvel \u00e9l\u00e9ment est enseign\u00e9, les \u00e9l\u00e8ves apprennent \u00e0 ajouter quelque chose au dessin. Cela les aide \u00e0 se souvenir des le\u00e7ons et \u00e0 pouvoir partager avec les autres ce qu&#8217;ils savent sur la vie d&#8217;un disciple de J\u00e9sus. L&#8217;illustration ici montre le dessin final. M\u00eame les enfants de 5 ans de ma classe de l&#8217;\u00e9cole du dimanche pouvaient faire ce dessin de fa\u00e7on magnifique \u00e0 la fin de la s\u00e9rie ! Id\u00e9alement, cette s\u00e9rie est enseign\u00e9e apr\u00e8s la s\u00e9rie des Actes et dans une salle de classe. Il est pr\u00e9f\u00e9rable que les \u00e9l\u00e8ves sachent lire, donc ceux qui ont entre 7 et 15 ans.<\/p>\n<p>[\/et_pb_text][\/et_pb_column][\/et_pb_row][et_pb_row column_structure=&#8221;3_4,1_4&#8243; admin_label=&#8221;Course Overview Area &#8221; _builder_version=&#8221;3.29.3&#8243; custom_margin=&#8221;|||&#8221; custom_padding=&#8221;0px|||||&#8221;][et_pb_column type=&#8221;3_4&#8243; _builder_version=&#8221;3.25&#8243; custom_padding=&#8221;|||&#8221; custom_padding__hover=&#8221;|||&#8221;][et_pb_text _builder_version=&#8221;3.29.3&#8243; text_font=&#8221;Poppins||||||||&#8221; text_font_size=&#8221;18px&#8221; text_line_height=&#8221;1.8em&#8221; header_font=&#8221;||||||||&#8221; header_3_font=&#8221;||||||||&#8221; animation_style=&#8221;fade&#8221;]<\/p>\n<h3>Les paraboles de J\u00e9sus<\/h3>\n<p>Cette s\u00e9rie se compose de 31 plans de le\u00e7ons amusantes pour les enfants en \u00e2ge de fr\u00e9quenter l&#8217;\u00e9cole primaire (6-12 ans). Chaque plan de le\u00e7on comprend des supports visuels, des jeux et des activit\u00e9s avec des fournitures facilement disponibles au S\u00e9n\u00e9gal. Lorsque vous enseignez chacune des paraboles de J\u00e9sus, les \u00e9l\u00e8ves ajoutent un verset biblique cl\u00e9 et une image qu\u2019ils ont colori\u00e9e de cette parabole \u00e0 leur propre cahier. Ainsi, \u00e0 la fin de la s\u00e9rie, chaque \u00e9l\u00e8ve aura cr\u00e9\u00e9 un livre qu&#8217;il pourra conserver avec des images et des versets pour se rappeler les histoires que J\u00e9sus a racont\u00e9es.<\/p>\n<p>[\/et_pb_text][\/et_pb_column][et_pb_column type=&#8221;1_4&#8243; _builder_version=&#8221;3.25&#8243; custom_padding=&#8221;|||&#8221; custom_padding__hover=&#8221;|||&#8221;][et_pb_cta title=&#8221;Plans de cours sur les paraboles&#8221; button_url=&#8221;https:\/\/res.sng.al\/parablesOfJesus.zip&#8221; button_text=&#8221;T\u00e9l\u00e9charger&#8221; _builder_version=&#8221;4.9.2&#8243; header_font=&#8221;Poppins||||||||&#8221; header_font_size=&#8221;20px&#8221; body_font=&#8221;Poppins||||||||&#8221; body_text_color=&#8221;#d6d6d6&#8243; background_color=&#8221;#282624&#8243; custom_button=&#8221;on&#8221; button_text_size=&#8221;14px&#8221; button_text_color=&#8221;#ffffff&#8221; button_bg_color=&#8221;#fdb467&#8243; button_border_width=&#8221;8px&#8221; button_border_color=&#8221;#fdb467&#8243; button_border_radius=&#8221;0px&#8221; button_letter_spacing=&#8221;2px&#8221; button_font=&#8221;|600||on|||||&#8221; custom_margin=&#8221;7px|||||&#8221; custom_padding=&#8221;37px||40px|||&#8221; link_option_url_new_window=&#8221;on&#8221;]<\/p>\n<p>Plans de cours pour enseigner les paraboles de J\u00e9sus aux enfants. En anglais avec interactions en wolof.\u00a0<\/p>\n<p>[\/et_pb_cta][\/et_pb_column][\/et_pb_row][et_pb_row column_structure=&#8221;3_4,1_4&#8243; admin_label=&#8221;Course Overview Area &#8221; _builder_version=&#8221;3.29.3&#8243; custom_margin=&#8221;|||&#8221; custom_padding=&#8221;0px|||||&#8221;][et_pb_column type=&#8221;3_4&#8243; _builder_version=&#8221;3.25&#8243; custom_padding=&#8221;|||&#8221; custom_padding__hover=&#8221;|||&#8221;][et_pb_text _builder_version=&#8221;3.29.3&#8243; text_font=&#8221;Poppins||||||||&#8221; text_font_size=&#8221;18px&#8221; text_line_height=&#8221;1.8em&#8221; header_font=&#8221;||||||||&#8221; header_3_font=&#8221;||||||||&#8221; animation_style=&#8221;fade&#8221;]<\/p>\n<h3>Le livre de Daniel<\/h3>\n<p>Cette s\u00e9rie s&#8217;adresse \u00e0 des \u00e9l\u00e8ves plus \u00e2g\u00e9s, de 10 \u00e0 16 ans environ, et couvre uniquement les histoires des 6 premiers chapitres de Daniel. Il s&#8217;agit d&#8217;histoires passionnantes comme La fournaise ardente et La fosse aux lions, et les plans de cours comprennent quelques jeux et activit\u00e9s. L&#8217;extrait de l&#8217;\u00c9criture en wolof est inclus dans un document s\u00e9par\u00e9 et peut \u00eatre imprim\u00e9 pour que les \u00e9l\u00e8ves puissent le lire. Les th\u00e8mes encouragent les \u00e9l\u00e8ves \u00e0 r\u00e9fl\u00e9chir plus profond\u00e9ment \u00e0 des sujets pertinents pour les pr\u00e9adolescents et les adolescents du S\u00e9n\u00e9gal d&#8217;aujourd&#8217;hui, notamment la r\u00e9sistance \u00e0 la pression des pairs, la pers\u00e9cution des croyants et la confiance en Dieu dans des circonstances difficiles.<\/p>\n<p>[\/et_pb_text][\/et_pb_column][et_pb_column type=&#8221;1_4&#8243; _builder_version=&#8221;3.25&#8243; custom_padding=&#8221;|||&#8221; custom_padding__hover=&#8221;|||&#8221;][et_pb_cta title=&#8221;Plan de cours pour Daniel&#8221; button_url=&#8221;https:\/\/res.sng.al\/Daniel.zip&#8221; button_text=&#8221;T\u00e9l\u00e9charger&#8221; _builder_version=&#8221;4.9.2&#8243; header_font=&#8221;Poppins||||||||&#8221; header_font_size=&#8221;20px&#8221; body_font=&#8221;Poppins||||||||&#8221; body_text_color=&#8221;#d6d6d6&#8243; background_color=&#8221;#282624&#8243; custom_button=&#8221;on&#8221; button_text_size=&#8221;14px&#8221; button_text_color=&#8221;#ffffff&#8221; button_bg_color=&#8221;#fdb467&#8243; button_border_width=&#8221;8px&#8221; button_border_color=&#8221;#fdb467&#8243; button_border_radius=&#8221;0px&#8221; button_letter_spacing=&#8221;2px&#8221; button_font=&#8221;|600||on|||||&#8221; custom_margin=&#8221;7px|||||&#8221; custom_padding=&#8221;37px||40px|||&#8221; link_option_url_new_window=&#8221;on&#8221;]<\/p>\n<p>Plans de cours pour enseigner le livre de Daniel chapitres 1-6 aux enfants. En anglais avec interactions en wolof.\u00a0<\/p>\n<p>[\/et_pb_cta][\/et_pb_column][\/et_pb_row][\/et_pb_section]<\/p>\n","protected":false},"excerpt":{"rendered":"<p>Plans de cours sur la Bible pour enfantsA ceux d&#8217;entre vous qui enseignent \u00e0 des groupes d&#8217;enfants partout au S\u00e9n\u00e9gal : M\u00eame si la langue principale de votre \u00e9glise est le fran\u00e7ais, le wolof peut \u00eatre un meilleur choix pour votre classe d&#8217;\u00e9cole du dimanche ou votre groupe des histoires bibliques pour les enfants. En [&hellip;]<\/p>\n","protected":false},"author":4,"featured_media":0,"parent":0,"menu_order":0,"comment_status":"closed","ping_status":"closed","template":"","meta":{"_et_pb_use_builder":"on","_et_pb_old_content":"","_et_gb_content_width":"","jetpack_post_was_ever_published":false,"footnotes":""},"class_list":["post-230608","page","type-page","status-publish","hentry"],"jetpack_shortlink":"https:\/\/wp.me\/PnGvI-XZu","jetpack_sharing_enabled":true,"_links":{"self":[{"href":"https:\/\/coreyandkatie.org\/index.php\/wp-json\/wp\/v2\/pages\/230608","targetHints":{"allow":["GET"]}}],"collection":[{"href":"https:\/\/coreyandkatie.org\/index.php\/wp-json\/wp\/v2\/pages"}],"about":[{"href":"https:\/\/coreyandkatie.org\/index.php\/wp-json\/wp\/v2\/types\/page"}],"author":[{"embeddable":true,"href":"https:\/\/coreyandkatie.org\/index.php\/wp-json\/wp\/v2\/users\/4"}],"replies":[{"embeddable":true,"href":"https:\/\/coreyandkatie.org\/index.php\/wp-json\/wp\/v2\/comments?post=230608"}],"version-history":[{"count":82,"href":"https:\/\/coreyandkatie.org\/index.php\/wp-json\/wp\/v2\/pages\/230608\/revisions"}],"predecessor-version":[{"id":230782,"href":"https:\/\/coreyandkatie.org\/index.php\/wp-json\/wp\/v2\/pages\/230608\/revisions\/230782"}],"wp:attachment":[{"href":"https:\/\/coreyandkatie.org\/index.php\/wp-json\/wp\/v2\/media?parent=230608"}],"curies":[{"name":"wp","href":"https:\/\/api.w.org\/{rel}","templated":true}]}}